{"id":95,"date":"2019-02-15T15:35:59","date_gmt":"2019-02-15T15:35:59","guid":{"rendered":"http:\/\/demo.cmssuperheroes.com\/themeforest\/wp-elroyale\/?page_id=95"},"modified":"2021-06-10T20:04:40","modified_gmt":"2021-06-10T20:04:40","slug":"our-menu","status":"publish","type":"page","link":"https:\/\/www.aromarb.com\/index.php\/our-menu\/","title":{"rendered":"Our Menu"},"content":{"rendered":"<p>[vc_row full_width=&#8221;stretch_row_content_no_spaces&#8221; equal_height=&#8221;yes&#8221; content_placement=&#8221;middle&#8221; css_animation=&#8221;left-to-right&#8221; css=&#8221;.vc_custom_1555384734919{border-top-width: 1px !important;border-top-color: #dbdbdb !important;border-top-style: solid !important;}&#8221;][vc_column css_animation=&#8221;none&#8221; cms_column_class=&#8221;rm-padding-lg&#8221; css=&#8221;.vc_custom_1555385401684{padding-top: 0px !important;}&#8221; offset=&#8221;vc_col-lg-6 vc_col-md-6&#8243;][cms_space space_lg=&#8221;0&#8243; space_md=&#8221;0&#8243; space_sm=&#8221;42&#8243; space_xs=&#8221;42&#8243;][cms_banner image_feature=&#8221;2900&#8243; img_size=&#8221;full&#8221; banner_style=&#8221;banner-style&#8221; border_style=&#8221;no-border&#8221; cms_template=&#8221;cms_banner.php&#8221;][\/vc_column][vc_column cms_column_class=&#8221;rm-padding-lg&#8221; css=&#8221;.vc_custom_1555385631008{padding-top: 0px !important;padding-right: 115px !important;padding-left: 115px !important;}&#8221; offset=&#8221;vc_col-lg-6 vc_col-md-6&#8243;][cms_space space_lg=&#8221;0&#8243; space_md=&#8221;42&#8243; space_sm=&#8221;42&#8243; space_xs=&#8221;42&#8243;][cms_heading sub_title=&#8221;WELCOME (HO\u015eGELD\u0130N\u0130Z)&#8221; text=&#8221;Our Menu&#8221; align_lg=&#8221;align-center&#8221; align_md=&#8221;align-center-md&#8221; align_sm=&#8221;align-center-sm&#8221; align_xs=&#8221;align-center-xs&#8221; font_size=&#8221;55px&#8221; font_size_md=&#8221;55px&#8221; font_size_sm=&#8221;55px&#8221; font_size_xs=&#8221;40px&#8221; line_display=&#8221;hidden-line&#8221; cms_template=&#8221;cms_heading.php&#8221;][cms_space space_lg=&#8221;0&#8243; space_md=&#8221;42&#8243; space_sm=&#8221;42&#8243; space_xs=&#8221;42&#8243;][\/vc_column][\/vc_row][vc_row full_width=&#8221;stretch_row_content_no_spaces&#8221; equal_height=&#8221;yes&#8221; content_placement=&#8221;middle&#8221; css_animation=&#8221;right-to-left&#8221; css=&#8221;.vc_custom_1555385969694{margin-bottom: -1px !important;}&#8221;][vc_column cms_column_class=&#8221;rm-padding-lg&#8221; css=&#8221;.vc_custom_1555385351076{padding-top: 0px !important;padding-right: 115px !important;padding-left: 115px !important;}&#8221; offset=&#8221;vc_col-lg-6 vc_col-md-6&#8243;][cms_space space_lg=&#8221;0&#8243; space_md=&#8221;42&#8243; space_sm=&#8221;42&#8243; space_xs=&#8221;42&#8243;][cms_heading align_lg=&#8221;align-center&#8221; align_md=&#8221;align-center-md&#8221; align_sm=&#8221;align-center-sm&#8221; align_xs=&#8221;align-center-xs&#8221; font_size=&#8221;55px&#8221; font_size_md=&#8221;55px&#8221; font_size_sm=&#8221;55px&#8221; font_size_xs=&#8221;40px&#8221; line_display=&#8221;hidden-line&#8221; cms_template=&#8221;cms_heading.php&#8221;][cms_space space_lg=&#8221;0&#8243; space_md=&#8221;0&#8243; space_sm=&#8221;50&#8243; space_xs=&#8221;50&#8243;][\/vc_column][vc_column cms_column_class=&#8221;rm-padding-lg&#8221; css=&#8221;.vc_custom_1555385801476{padding-top: 0px !important;}&#8221; offset=&#8221;vc_col-lg-6 vc_col-md-6&#8243;][cms_banner image_feature=&#8221;2901&#8243; img_size=&#8221;full&#8221; banner_style=&#8221;banner-style&#8221; border_style=&#8221;no-border&#8221; cms_template=&#8221;cms_banner.php&#8221;][cms_space space_lg=&#8221;0&#8243; space_md=&#8221;42&#8243; space_sm=&#8221;42&#8243; space_xs=&#8221;42&#8243;][\/vc_column][\/vc_row][vc_row][vc_column][cms_space space_lg=&#8221;0&#8243; space_md=&#8221;100&#8243; space_sm=&#8221;80&#8243;][\/vc_column][\/vc_row]<\/p>\n","protected":false},"excerpt":{"rendered":"<p>[vc_row full_width=&#8221;stretch_row_content_no_spaces&#8221; equal_height=&#8221;yes&#8221; content_placement=&#8221;middle&#8221; css_animation=&#8221;left-to-right&#8221; css=&#8221;.vc_custom_1555384734919{border-top-width: 1px !important;border-top-color: #dbdbdb !important;border-top-style: solid !important;}&#8221;][vc_column css_animation=&#8221;none&#8221; cms_column_class=&#8221;rm-padding-lg&#8221; css=&#8221;.vc_custom_1555385401684{padding-top: 0px !important;}&#8221; offset=&#8221;vc_col-lg-6 vc_col-md-6&#8243;][cms_space space_lg=&#8221;0&#8243; space_md=&#8221;0&#8243; space_sm=&#8221;42&#8243; space_xs=&#8221;42&#8243;][cms_banner image_feature=&#8221;2900&#8243; img_size=&#8221;full&#8221; banner_style=&#8221;banner-style&#8221; border_style=&#8221;no-border&#8221; cms_template=&#8221;cms_banner.php&#8221;][\/vc_column][vc_column cms_column_class=&#8221;rm-padding-lg&#8221; css=&#8221;.vc_custom_1555385631008{padding-top: 0px !important;padding-right: 115px !important;padding-left: 115px !important;}&#8221; offset=&#8221;vc_col-lg-6 vc_col-md-6&#8243;][cms_space space_lg=&#8221;0&#8243; space_md=&#8221;42&#8243; space_sm=&#8221;42&#8243; space_xs=&#8221;42&#8243;][cms_heading sub_title=&#8221;WELCOME (HO\u015eGELD\u0130N\u0130Z)&#8221; text=&#8221;Our Menu&#8221; align_lg=&#8221;align-center&#8221; align_md=&#8221;align-center-md&#8221; align_sm=&#8221;align-center-sm&#8221; align_xs=&#8221;align-center-xs&#8221; font_size=&#8221;55px&#8221; font_size_md=&#8221;55px&#8221; font_size_sm=&#8221;55px&#8221; font_size_xs=&#8221;40px&#8221; line_display=&#8221;hidden-line&#8221; [&hellip;]<\/p>\n","protected":false},"author":1,"featured_media":0,"parent":0,"menu_order":0,"comment_status":"closed","ping_status":"closed","template":"","meta":{"footnotes":"","_links_to":"","_links_to_target":""},"class_list":["post-95","page","type-page","status-publish","hentry"],"_links":{"self":[{"href":"https:\/\/www.aromarb.com\/index.php\/wp-json\/wp\/v2\/pages\/95","targetHints":{"allow":["GET"]}}],"collection":[{"href":"https:\/\/www.aromarb.com\/index.php\/wp-json\/wp\/v2\/pages"}],"about":[{"href":"https:\/\/www.aromarb.com\/index.php\/wp-json\/wp\/v2\/types\/page"}],"author":[{"embeddable":true,"href":"https:\/\/www.aromarb.com\/index.php\/wp-json\/wp\/v2\/users\/1"}],"replies":[{"embeddable":true,"href":"https:\/\/www.aromarb.com\/index.php\/wp-json\/wp\/v2\/comments?post=95"}],"version-history":[{"count":14,"href":"https:\/\/www.aromarb.com\/index.php\/wp-json\/wp\/v2\/pages\/95\/revisions"}],"predecessor-version":[{"id":2902,"href":"https:\/\/www.aromarb.com\/index.php\/wp-json\/wp\/v2\/pages\/95\/revisions\/2902"}],"wp:attachment":[{"href":"https:\/\/www.aromarb.com\/index.php\/wp-json\/wp\/v2\/media?parent=95"}],"curies":[{"name":"wp","href":"https:\/\/api.w.org\/{rel}","templated":true}]}}