{"id":67,"date":"2019-02-15T15:22:38","date_gmt":"2019-02-15T15:22:38","guid":{"rendered":"http:\/\/demo.cmssuperheroes.com\/themeforest\/wp-elroyale\/?page_id=67"},"modified":"2022-02-18T08:54:23","modified_gmt":"2022-02-18T05:54:23","slug":"contact","status":"publish","type":"page","link":"https:\/\/www.aromarb.com\/index.php\/contact\/","title":{"rendered":"Contact Us"},"content":{"rendered":"<p>[vc_row][vc_column css=&#8221;.vc_custom_1555146135370{padding-top: 0px !important;}&#8221;][cms_space space_lg=&#8221;120&#8243; space_md=&#8221;120&#8243; space_sm=&#8221;60&#8243; space_xs=&#8221;60&#8243;][\/vc_column][\/vc_row][vc_row css=&#8221;.vc_custom_1552663383801{margin-bottom: 20px !important;}&#8221;][vc_column css_animation=&#8221;left-to-right&#8221; width=&#8221;1\/2&#8243; css=&#8221;.vc_custom_1555146342801{margin-top: -8px !important;padding-right: 30px !important;padding-left: 30px !important;}&#8221;][cms_textbox font_size=&#8221;16px&#8221; font_weight=&#8221;400&#8243; textbox_mg_button=&#8221;40px&#8221; cms_template=&#8221;cms_textbox.php&#8221; text_box=&#8221;We pride ourselves on providing an unforgetable experience for you and your guests. You will leave with great memories and a taste for fabulous Mediterranean food. Our menu celebrates the best of our Mediterranean ranging from succulent traditional Mediterranean Mezes and Kebabs, to Stews and Seafood which tempt even the most varied palette.&#8221;][vc_row_inner][vc_column_inner width=&#8221;1\/2&#8243;][cms_contact_info el_title=&#8221;Our Address&#8221; ctf_items=&#8221;%5B%7B%22ctf_content%22%3A%22208%202nd%20St%2C%20Rehoboth%20Beach%2C%20DE%2019971%22%2C%22ctf_type%22%3A%22text%22%7D%5D&#8221; description=&#8221;Alnahas Building, 2 AlBahr St, Tanta AlGharbia, Egypt.&#8221;][cms_contact_info el_title=&#8221;Our Email&#8221; ctf_items=&#8221;%5B%7B%22ctf_content%22%3A%22aromarehobothrb%40gmail.com%22%2C%22ctf_type%22%3A%22text%22%7D%5D&#8221; button_link=&#8221;url:%23||target:%20_blank|&#8221;][\/vc_column_inner][vc_column_inner width=&#8221;1\/2&#8243;][cms_contact_info el_title=&#8221;Our Phone&#8221; ctf_items=&#8221;%5B%7B%22ctf_content%22%3A%22Phone%3A%20(302)%20212%202488%22%2C%22ctf_type%22%3A%22text%22%7D%5D&#8221; button_link=&#8221;url:tel%3A%20002%2001000370701%20|title:Call%20Us||&#8221;][cms_list_socials cms_list=&#8221;%5B%7B%22cms_list_item_icon%22%3A%22fab%20fa-facebook-f%22%2C%22icon_link%22%3A%22url%3Ahttps%253A%252F%252Fwww.facebook.com%252Fpages%252Fcategory%252FRestaurant%252FAroma-Mediterranean-Cuisine-RB-101504744601985%252F%7C%7C%7C%22%7D%2C%7B%22cms_list_item_icon%22%3A%22fab%20fa-instagram%22%2C%22icon_link%22%3A%22url%3Ahttps%253A%252F%252Fwww.instagram.com%252Faroma_restaurant_rb%252F%7C%7C%7C%22%7D%5D&#8221; cms_template=&#8221;cms_list_socials.php&#8221; title=&#8221;Follow Us&#8221;][\/vc_column_inner][\/vc_row_inner][cms_space space_lg=&#8221;0&#8243; space_md=&#8221;0&#8243; space_sm=&#8221;50&#8243; space_xs=&#8221;50&#8243;][\/vc_column][vc_column css_animation=&#8221;right-to-left&#8221; width=&#8221;1\/2&#8243; css=&#8221;.vc_custom_1552529836190{padding-left: 25px !important;}&#8221;][cms_contact_form id=&#8221;6&#8243; style_color_layout2=&#8221;style-gray2&#8243; box_info=&#8221;yes&#8221; box_info_desc=&#8221;TinyPNG uses smart lossy compression techniques to reduce the file size of your PNG files. By selectively decreasing the&#8221;][\/vc_column][\/vc_row][vc_row][vc_column][cms_space space_lg=&#8221;60&#8243; space_md=&#8221;60&#8243; space_sm=&#8221;30&#8243; space_xs=&#8221;30&#8243;][\/vc_column][\/vc_row][vc_row full_width=&#8221;stretch_row_content_no_spaces&#8221;][vc_column][cms_googlemap api=&#8221;AIzaSyAURpxd5qjKIjpqBWTdwbRX5W3IjMc8ymY&#8221; address=&#8221;208 2nd St, Rehoboth Beach, DE 19971&#8243; coordinate=&#8221;38.715586, -75.081607&#8243; markercoordinate=&#8221;38.715586, -75.081607&#8243; markertitle=&#8221;Aroma Restaurant&#8221; markerdesc=&#8221;Akdeniz mutfa\u011f\u0131 restoran\u0131&#8221; markericon=&#8221;818&#8243; type=&#8221;TERRAIN&#8221; zoom=&#8221;15&#8243; height=&#8221;335px&#8221; pancontrol=&#8221;1&#8243;][\/cms_googlemap][\/vc_column][\/vc_row]<\/p>\n","protected":false},"excerpt":{"rendered":"<p>[vc_row][vc_column css=&#8221;.vc_custom_1555146135370{padding-top: 0px !important;}&#8221;][cms_space space_lg=&#8221;120&#8243; space_md=&#8221;120&#8243; space_sm=&#8221;60&#8243; space_xs=&#8221;60&#8243;][\/vc_column][\/vc_row][vc_row css=&#8221;.vc_custom_1552663383801{margin-bottom: 20px !important;}&#8221;][vc_column css_animation=&#8221;left-to-right&#8221; width=&#8221;1\/2&#8243; css=&#8221;.vc_custom_1555146342801{margin-top: -8px !important;padding-right: 30px !important;padding-left: 30px !important;}&#8221;][cms_textbox font_size=&#8221;16px&#8221; font_weight=&#8221;400&#8243; textbox_mg_button=&#8221;40px&#8221; cms_template=&#8221;cms_textbox.php&#8221; text_box=&#8221;We pride ourselves on providing an unforgetable experience for you and your guests. You will leave with great memories and a taste for fabulous Mediterranean food. Our menu celebrates the best [&hellip;]<\/p>\n","protected":false},"author":1,"featured_media":0,"parent":0,"menu_order":0,"comment_status":"closed","ping_status":"closed","template":"","meta":{"footnotes":"","_links_to":"","_links_to_target":""},"class_list":["post-67","page","type-page","status-publish","hentry"],"_links":{"self":[{"href":"https:\/\/www.aromarb.com\/index.php\/wp-json\/wp\/v2\/pages\/67","targetHints":{"allow":["GET"]}}],"collection":[{"href":"https:\/\/www.aromarb.com\/index.php\/wp-json\/wp\/v2\/pages"}],"about":[{"href":"https:\/\/www.aromarb.com\/index.php\/wp-json\/wp\/v2\/types\/page"}],"author":[{"embeddable":true,"href":"https:\/\/www.aromarb.com\/index.php\/wp-json\/wp\/v2\/users\/1"}],"replies":[{"embeddable":true,"href":"https:\/\/www.aromarb.com\/index.php\/wp-json\/wp\/v2\/comments?post=67"}],"version-history":[{"count":17,"href":"https:\/\/www.aromarb.com\/index.php\/wp-json\/wp\/v2\/pages\/67\/revisions"}],"predecessor-version":[{"id":2972,"href":"https:\/\/www.aromarb.com\/index.php\/wp-json\/wp\/v2\/pages\/67\/revisions\/2972"}],"wp:attachment":[{"href":"https:\/\/www.aromarb.com\/index.php\/wp-json\/wp\/v2\/media?parent=67"}],"curies":[{"name":"wp","href":"https:\/\/api.w.org\/{rel}","templated":true}]}}